{"id":394,"date":"2022-12-02T11:02:18","date_gmt":"2022-12-02T10:02:18","guid":{"rendered":"https:\/\/amaryllis-zermatt.ch\/formulaire-de-demande\/"},"modified":"2022-12-30T14:35:53","modified_gmt":"2022-12-30T13:35:53","slug":"formulaire-de-demande","status":"publish","type":"page","link":"https:\/\/amaryllis-zermatt.ch\/fr\/formulaire-de-demande\/","title":{"rendered":"Formulaire de demande"},"content":{"rendered":"<div id='av_section_1'  class='avia-section av-kbufzd3s-dd428f854b73db9c732bdb3b761e163e main_color avia-section-default avia-shadow  avia-builder-el-0  avia-builder-el-no-sibling  avia-bg-style-scroll container_wrap fullsize'  ><div class='container av-section-cont-open' ><main  role=\"main\" itemprop=\"mainContentOfPage\"  class='template-page content  av-content-full alpha units'><div class='post-entry post-entry-type-page post-entry-394'><div class='entry-content-wrapper clearfix'>\n<div  class='flex_column av-19tw9-fbb824741bb1b85a1f537bbf5edf2790 av_one_fifth  avia-builder-el-1  el_before_av_three_fifth  avia-builder-el-first  first flex_column_div av-hide-on-mobile  '     ><\/div>\n<style type=\"text\/css\" data-created_by=\"avia_inline_auto\" id=\"style-css-av-38q1-e8fee88d39b372596a31c239ea5dfe1a\">\n.flex_column.av-38q1-e8fee88d39b372596a31c239ea5dfe1a{\nborder-radius:0px 0px 0px 0px;\npadding:0px 0px 0px 0px;\n}\n<\/style>\n<div  class='flex_column av-38q1-e8fee88d39b372596a31c239ea5dfe1a av_three_fifth  avia-builder-el-2  el_after_av_one_fifth  el_before_av_one_fifth  flex_column_div av-zero-column-padding  '     ><section  class='av_textblock_section av-jxk41cbl-de8745f204dcd65c5170bef159d7e21a '   itemscope=\"itemscope\" itemtype=\"https:\/\/schema.org\/CreativeWork\" ><div class='avia_textblock'  itemprop=\"text\" ><p style=\"text-align: center;\"><a href=\"https:\/\/amaryllis-zermatt.ch\/fr\/home\/\">retour<\/a><\/p>\n<h1 style=\"text-align: center;\">Formulaire de demande<\/h1>\n<\/div><\/section><br \/>\n<form action=\"https:\/\/amaryllis-zermatt.ch\/fr\/formulaire-de-demande\/\" method=\"post\" data-fields-with-error=\"Erreurs trouv\u00e9es dans les champs suivants :\" class=\"avia_ajax_form av-form-labels-hidden   avia-builder-el-4  el_after_av_textblock  avia-builder-el-last   \" data-avia-form-id=\"1\" data-avia-redirect='' ><fieldset><div id='avia_1_1' class='av-form-text'><p>\n<strong>Adresse<\/strong><\/p>\n<\/div><p class='  first_form  form_element form_fullwidth' id='element_avia_2_1'><label for=\"avia_2_1\">Salutation <abbr class=\"required\" title=\"requis(e)\">*<\/abbr><\/label><select  name=\"avia_2_1\" class=\"select is_empty\" id=\"avia_2_1\"><option class=\"av-placeholder\" disabled=\"disabled\" selected=\"selected\" value=''>Salutation*<\/option><option   value='Monsieur'>Monsieur<\/option><option   value='Madame'>Madame<\/option><option   value='Famille'>Famille<\/option><\/select><\/p><p class='  first_form  form_element form_fullwidth' id='element_avia_3_1'><label for=\"avia_3_1\">Pr\u00e9nom <abbr class=\"required\" title=\"requis(e)\">*<\/abbr><\/label> <input name=\"avia_3_1\" class=\"text_input is_empty\" type=\"text\" id=\"avia_3_1\" value=\"\"  placeholder='Pr\u00e9nom*'\/><\/p><p class='  first_form  form_element form_fullwidth' id='element_avia_4_1'><label for=\"avia_4_1\">Nom <abbr class=\"required\" title=\"requis(e)\">*<\/abbr><\/label> <input name=\"avia_4_1\" class=\"text_input is_empty\" type=\"text\" id=\"avia_4_1\" value=\"\"  placeholder='Nom*'\/><\/p><p class='  first_form  form_element form_fullwidth' id='element_avia_5_1'><label for=\"avia_5_1\">Adresse<\/label> <input name=\"avia_5_1\" class=\"text_input \" type=\"text\" id=\"avia_5_1\" value=\"\"  placeholder='Adresse'\/><\/p><p class='  first_form  form_element form_fullwidth' id='element_avia_6_1'><label for=\"avia_6_1\">NPA \/ Lieu<\/label> <input name=\"avia_6_1\" class=\"text_input \" type=\"text\" id=\"avia_6_1\" value=\"\"  placeholder='NPA \/ Lieu'\/><\/p><p class='  first_form  form_element form_fullwidth' id='element_avia_7_1'><label for=\"avia_7_1\">Pays<\/label> <input name=\"avia_7_1\" class=\"text_input \" type=\"text\" id=\"avia_7_1\" value=\"\"  placeholder='Pays'\/><\/p><p class='  first_form  form_element form_fullwidth' id='element_avia_8_1'><label for=\"avia_8_1\">E-Mail <abbr class=\"required\" title=\"requis(e)\">*<\/abbr><\/label> <input name=\"avia_8_1\" class=\"text_input is_email\" type=\"text\" id=\"avia_8_1\" value=\"\"  placeholder='E-Mail*'\/><\/p><p class='  first_form  form_element form_fullwidth' id='element_avia_9_1'><label for=\"avia_9_1\">T\u00e9l\u00e9fone<\/label> <input name=\"avia_9_1\" class=\"text_input \" type=\"text\" id=\"avia_9_1\" value=\"\"  placeholder='T\u00e9l\u00e9fone'\/><\/p><div id='avia_10_1' class='av-form-text'><p>\n<strong>Appartement<\/strong><\/p>\n<\/div><p class='  first_form  form_element form_fullwidth' id='element_avia_11_1'><label for=\"avia_11_1\">Appartement<\/label><select  name=\"avia_11_1\" class=\"select \" id=\"avia_11_1\"><option class=\"av-placeholder\" disabled=\"disabled\" selected=\"selected\" value=''>Appartement<\/option><option   value='Appartement \u00e0 4 lits au 1er \u00e9tage'>Appartement \u00e0 4 lits au 1er \u00e9tage<\/option><option   value='appartement \u00e0 4 lits au 3e \u00e9tage'>appartement \u00e0 4 lits au 3e \u00e9tage<\/option><\/select><\/p><p class='  first_form  form_element form_element_half' id='element_avia_12_1'><label for=\"avia_12_1\">Date d\u2019arriv\u00e9e <abbr class=\"required\" title=\"requis(e)\">*<\/abbr><\/label> <input name=\"avia_12_1\" class=\"avia_datepicker text_input is_empty\" type=\"text\" id=\"avia_12_1\" value=\"\" placeholder=\"Date d\u2019arriv\u00e9e*\" inputmode=\"none\" \/><\/p><p class='  form_element form_element_half' id='element_avia_13_1'><label for=\"avia_13_1\">Date de d\u00e9part <abbr class=\"required\" title=\"requis(e)\">*<\/abbr><\/label> <input name=\"avia_13_1\" class=\"avia_datepicker text_input is_empty\" type=\"text\" id=\"avia_13_1\" value=\"\" placeholder=\"Date de d\u00e9part*\" inputmode=\"none\" \/><\/p><p class='  first_form  form_element form_fullwidth' id='element_avia_14_1'><label for=\"avia_14_1\">Nombre personne <abbr class=\"required\" title=\"requis(e)\">*<\/abbr><\/label> <input name=\"avia_14_1\" class=\"text_input is_empty\" type=\"text\" id=\"avia_14_1\" value=\"\"  placeholder='Nombre personne*'\/><\/p><div id='avia_15_1' class='av-form-text'><p>\n<strong>Votre message<\/strong><\/p>\n<\/div><p class='  first_form  form_element form_fullwidth' id='element_avia_16_1'><label for=\"avia_16_1\" class=\"textare_label hidden textare_label_avia_16_1\">Message<\/label><textarea  placeholder='Message' name=\"avia_16_1\" class=\"text_area \" cols=\"40\" rows=\"7\" id=\"avia_16_1\" ><\/textarea><\/p><p class=\"hidden\"><input type=\"text\" name=\"avia_17_1\" class=\"hidden \" id=\"avia_17_1\" value=\"\" \/><\/p><div id='avia_18_1' class='av-recaptcha-area  first_form  form_element form_fullwidth '  data-container_class=\"\" data-custom_class=\"\" data-context=\"av_contact_form\" data-token_input=\"av_recaptcha_token\" data-version=\"avia_recaptcha_v3\" data-theme=\"light\" data-size=\"normal\" data-score=\"0.5\" data-text_to_preview=\"\" data-value=\"\"><div class=\"av-google-badge-message hidden\">Ce site est prot\u00e9g\u00e9 par reCAPTCHA et la <a href=\"https:\/\/policies.google.com\/privacy\">politique de confidentialit\u00e9<\/a> de Google et <a href=\"https:\/\/policies.google.com\/terms\">leur conditions d\u2019utilisation<\/a> s\u2019appliquent.<\/div><\/div><p class=\"form_element \"><input type=\"hidden\" value=\"1\" name=\"avia_generated_form1\" \/><input type=\"submit\" value=\"Envoyer\" class=\"button\"  data-sending-label=\"Envoi\"\/><\/p><\/fieldset><div class=\"avia-disabled-form\">Ce formulaire est d\u00e9sactiv\u00e9 dans la mesure o\u00f9 vous refusez d\u2019accepter le service Google reCAPTCHA n\u00e9cessaire pour valider toute exp\u00e9dition de message depuis celui-ci.<\/div><\/form><div id=\"ajaxresponse_1\" class=\"ajaxresponse ajaxresponse_1 hidden\"><\/div><\/p><\/div><div  class='flex_column av-lb6bz5tk-924bcf05374a33785d79782ef9e5c81d av_one_fifth  avia-builder-el-5  el_after_av_three_fifth  avia-builder-el-last  flex_column_div av-hide-on-mobile  '     ><\/div>\n","protected":false},"excerpt":{"rendered":"","protected":false},"author":3,"featured_media":0,"parent":0,"menu_order":0,"comment_status":"closed","ping_status":"open","template":"","meta":{"footnotes":""},"class_list":["post-394","page","type-page","status-publish","hentry"],"_links":{"self":[{"href":"https:\/\/amaryllis-zermatt.ch\/fr\/wp-json\/wp\/v2\/pages\/394","targetHints":{"allow":["GET"]}}],"collection":[{"href":"https:\/\/amaryllis-zermatt.ch\/fr\/wp-json\/wp\/v2\/pages"}],"about":[{"href":"https:\/\/amaryllis-zermatt.ch\/fr\/wp-json\/wp\/v2\/types\/page"}],"author":[{"embeddable":true,"href":"https:\/\/amaryllis-zermatt.ch\/fr\/wp-json\/wp\/v2\/users\/3"}],"replies":[{"embeddable":true,"href":"https:\/\/amaryllis-zermatt.ch\/fr\/wp-json\/wp\/v2\/comments?post=394"}],"version-history":[{"count":13,"href":"https:\/\/amaryllis-zermatt.ch\/fr\/wp-json\/wp\/v2\/pages\/394\/revisions"}],"predecessor-version":[{"id":1384,"href":"https:\/\/amaryllis-zermatt.ch\/fr\/wp-json\/wp\/v2\/pages\/394\/revisions\/1384"}],"wp:attachment":[{"href":"https:\/\/amaryllis-zermatt.ch\/fr\/wp-json\/wp\/v2\/media?parent=394"}],"curies":[{"name":"wp","href":"https:\/\/api.w.org\/{rel}","templated":true}]}}