{"id":402,"date":"2019-07-01T08:26:49","date_gmt":"2019-07-01T06:26:49","guid":{"rendered":"https:\/\/amaryllis-zermatt.ch\/impressum-2\/"},"modified":"2023-09-06T11:24:22","modified_gmt":"2023-09-06T09:24:22","slug":"impressum","status":"publish","type":"page","link":"https:\/\/amaryllis-zermatt.ch\/fr\/impressum\/","title":{"rendered":"Impressum"},"content":{"rendered":"<div id='av_section_1'  class='avia-section av-kbufyxg1-1417703ff5d5b3916afa4e9d8192f44d main_color avia-section-default avia-shadow  avia-builder-el-0  avia-builder-el-no-sibling  avia-bg-style-scroll container_wrap fullsize'  ><div class='container av-section-cont-open' ><main  role=\"main\" itemprop=\"mainContentOfPage\"  class='template-page content  av-content-full alpha units'><div class='post-entry post-entry-type-page post-entry-402'><div class='entry-content-wrapper clearfix'>\n\n<style type=\"text\/css\" data-created_by=\"avia_inline_auto\" id=\"style-css-av-s8wx-7bb5325295e7127a38cf90136bf86c81\">\n.flex_column.av-s8wx-7bb5325295e7127a38cf90136bf86c81{\nborder-radius:0px 0px 0px 0px;\npadding:0px 0px 0px 0px;\n}\n<\/style>\n<div  class='flex_column av-s8wx-7bb5325295e7127a38cf90136bf86c81 av_two_third  avia-builder-el-1  avia-builder-el-no-sibling  first flex_column_div av-zero-column-padding  '     ><section  class='av_textblock_section av-jxk4dcrp-37cb95c192c1a6712a95ad877028bf7a '   itemscope=\"itemscope\" itemtype=\"https:\/\/schema.org\/CreativeWork\" ><div class='avia_textblock'  itemprop=\"text\" ><h1>Impressum<\/h1>\n<p><b>Verantwortliche Instanz:<\/b><br \/>\nFamilie Imboden<br \/>\nRiedstrasse 62<br \/>\n3920 Zermatt<br \/>\nSchweiz<br \/>\n<strong>E-Mail<\/strong>: &#x69;&#x6e;&#102;o&#x40;&#x61;&#109;&#97;r&#x79;&#x6c;&#108;&#105;s&#x2d;&#x7a;&#101;rm&#x61;&#x74;&#116;&#46;&#x63;&#x68;<\/p>\n<p><strong><i>Vertretungsberechtigte Person(en)<\/i><\/strong><\/p>\n<p>Chris Imboden<\/p>\n<p><strong>Haftungsausschluss<\/strong><br \/>\nDer Autor \u00fcbernimmt keine Gew\u00e4hr f\u00fcr die Richtigkeit, Genauigkeit, Aktualit\u00e4t, Zuverl\u00e4ssigkeit und Vollst\u00e4ndigkeit der Informationen.<br \/>\nHaftungsanspr\u00fcche gegen den Autor wegen Sch\u00e4den materieller oder immaterieller Art, die aus dem Zugriff oder der Nutzung bzw. Nichtnutzung der ver\u00f6ffentlichten Informationen, durch Missbrauch der Verbindung oder durch technische St\u00f6rungen entstanden sind, werden ausgeschlossen.<\/p>\n<p>Alle Angebote sind freibleibend. Der Autor beh\u00e4lt es sich ausdr\u00fccklich vor, Teile der Seiten oder das gesamte Angebot ohne gesonderte Ank\u00fcndigung zu ver\u00e4ndern, zu erg\u00e4nzen, zu l\u00f6schen oder die Ver\u00f6ffentlichung zeitweise oder endg\u00fcltig einzustellen.<\/p>\n<p><strong>Haftungsausschluss f\u00fcr Inhalte und Links<\/strong><br \/>\nVerweise und Links auf Webseiten Dritter liegen ausserhalb unseres Verantwortungsbereichs. Es wird jegliche Verantwortung f\u00fcr solche Webseiten abgelehnt. Der Zugriff und die Nutzung solcher Webseiten erfolgen auf eigene Gefahr des jeweiligen Nutzers.<\/p>\n<p><strong>Urheberrechtserkl\u00e4rung<\/strong><br \/>\nDie Urheber- und alle anderen Rechte an Inhalten, Bildern, Fotos oder anderen Dateien auf dieser Website, geh\u00f6ren ausschliesslich Chris Imboden oder den speziell genannten Rechteinhabern. F\u00fcr die Reproduktion jeglicher Elemente ist die schriftliche Zustimmung des Urheberrechtstr\u00e4gers im Voraus einzuholen.<\/p>\n<p><strong>Quelle<\/strong>:\u00a0<a href=\"https:\/\/brainbox.swiss\/\" rel=\"nofollow\">BrainBox Solutions<\/a><\/p>\n<\/div><\/section><\/div>\n","protected":false},"excerpt":{"rendered":"","protected":false},"author":3,"featured_media":0,"parent":0,"menu_order":0,"comment_status":"closed","ping_status":"closed","template":"","meta":{"footnotes":""},"class_list":["post-402","page","type-page","status-publish","hentry"],"_links":{"self":[{"href":"https:\/\/amaryllis-zermatt.ch\/fr\/wp-json\/wp\/v2\/pages\/402","targetHints":{"allow":["GET"]}}],"collection":[{"href":"https:\/\/amaryllis-zermatt.ch\/fr\/wp-json\/wp\/v2\/pages"}],"about":[{"href":"https:\/\/amaryllis-zermatt.ch\/fr\/wp-json\/wp\/v2\/types\/page"}],"author":[{"embeddable":true,"href":"https:\/\/amaryllis-zermatt.ch\/fr\/wp-json\/wp\/v2\/users\/3"}],"replies":[{"embeddable":true,"href":"https:\/\/amaryllis-zermatt.ch\/fr\/wp-json\/wp\/v2\/comments?post=402"}],"version-history":[{"count":12,"href":"https:\/\/amaryllis-zermatt.ch\/fr\/wp-json\/wp\/v2\/pages\/402\/revisions"}],"predecessor-version":[{"id":1502,"href":"https:\/\/amaryllis-zermatt.ch\/fr\/wp-json\/wp\/v2\/pages\/402\/revisions\/1502"}],"wp:attachment":[{"href":"https:\/\/amaryllis-zermatt.ch\/fr\/wp-json\/wp\/v2\/media?parent=402"}],"curies":[{"name":"wp","href":"https:\/\/api.w.org\/{rel}","templated":true}]}}